{"id":7730,"date":"2025-10-07T16:10:40","date_gmt":"2025-10-07T13:10:40","guid":{"rendered":"https:\/\/kgpa.org.ua\/?page_id=7730"},"modified":"2026-03-27T12:06:30","modified_gmt":"2026-03-27T10:06:30","slug":"%d0%bc%d1%96%d0%b6%d0%bd%d0%b0%d1%80%d0%be%d0%b4%d0%bd%d1%96-%d0%bf%d0%b0%d1%80%d1%82%d0%bd%d0%b5%d1%80%d0%b8","status":"publish","type":"page","link":"https:\/\/kgpa.org.ua\/?page_id=7730","title":{"rendered":"\u041c\u0456\u0436\u043d\u0430\u0440\u043e\u0434\u043d\u0456 \u043f\u0430\u0440\u0442\u043d\u0435\u0440\u0438"},"content":{"rendered":"<ol>\n<li><a href=\"https:\/\/kgpa.org.ua\/wp-content\/uploads\/2025\/10\/1.pdf\"><span style=\"font-weight: 400;\">Harran University <\/span><\/a><br \/>\n<a style=\"font-size: revert; font-family: -apple-system, BlinkMacSystemFont, 'Segoe UI', Roboto, Oxygen-Sans, Ubuntu, Cantarell, 'Helvetica Neue', sans-serif;\" href=\"https:\/\/www.harran.edu.tr\/\">https:\/\/www.harran.edu.tr\/<\/a><\/li>\n<li><a href=\"https:\/\/kgpa.org.ua\/wp-content\/uploads\/2025\/10\/2.pdf\"><span style=\"font-weight: 400;\">International Labour Association<\/span><\/a><br \/>\n<a style=\"font-size: revert; font-family: -apple-system, BlinkMacSystemFont, 'Segoe UI', Roboto, Oxygen-Sans, Ubuntu, Cantarell, 'Helvetica Neue', sans-serif;\" href=\"https:\/\/www.ilabour.eu\/\">https:\/\/www.ilabour.eu\/<\/a><\/li>\n<li><a href=\"https:\/\/kgpa.org.ua\/wp-content\/uploads\/2025\/10\/3.pdf\"><span style=\"font-weight: 400;\">Melvana Exchange Program<\/span><\/a><\/li>\n<li><span style=\"font-weight: 400;\"><a href=\"https:\/\/kgpa.org.ua\/wp-content\/uploads\/2025\/10\/4.pdf\">Mu\u015f Alparslan University<\/a><br \/>\n<\/span><a style=\"font-size: revert; font-family: -apple-system, BlinkMacSystemFont, 'Segoe UI', Roboto, Oxygen-Sans, Ubuntu, Cantarell, 'Helvetica Neue', sans-serif;\" href=\"https:\/\/www.alparslan.edu.tr\/en\">https:\/\/www.alparslan.edu.tr\/en<\/a><\/li>\n<li><span style=\"font-weight: 400;\"><a href=\"https:\/\/kgpa.org.ua\/wp-content\/uploads\/2026\/01\/Suleyman-Demirel-University-Turkey.pdf\">S\u00fcleyman Demirel University<\/a><br \/>\n<\/span><a style=\"font-size: revert; font-family: -apple-system, BlinkMacSystemFont, 'Segoe UI', Roboto, Oxygen-Sans, Ubuntu, Cantarell, 'Helvetica Neue', sans-serif;\" href=\"https:\/\/international.sdu.edu.tr\/\">https:\/\/international.sdu.edu.tr\/<\/a><\/li>\n<li><a href=\"https:\/\/kgpa.org.ua\/wp-content\/uploads\/2025\/10\/6.pdf\"><span style=\"font-weight: 400;\">The Alperin regional college of the Jordan Valley, Israel<\/span><\/a><\/li>\n<li><span style=\"font-weight: 400;\"><a href=\"https:\/\/kgpa.org.ua\/wp-content\/uploads\/2025\/10\/7.pdf\">University of economics and human sciences in Warsaw<\/a><br \/>\n<\/span><a style=\"font-size: revert; font-family: -apple-system, BlinkMacSystemFont, 'Segoe UI', Roboto, Oxygen-Sans, Ubuntu, Cantarell, 'Helvetica Neue', sans-serif;\" href=\"https:\/\/vizja.pl\/en\/\">https:\/\/vizja.pl\/en\/<\/a><\/li>\n<li><span style=\"font-weight: 400;\"><a href=\"https:\/\/kgpa.org.ua\/wp-content\/uploads\/2025\/10\/8.pdf\">University of Presov<\/a><br \/>\n<\/span><a style=\"font-size: revert; font-family: -apple-system, BlinkMacSystemFont, 'Segoe UI', Roboto, Oxygen-Sans, Ubuntu, Cantarell, 'Helvetica Neue', sans-serif;\" href=\"https:\/\/www.unipo.sk\/en\">https:\/\/www.unipo.sk\/en<\/a><\/li>\n<li><span style=\"font-weight: 400;\"><a href=\"https:\/\/kgpa.org.ua\/wp-content\/uploads\/2025\/10\/9.pdf\">Utah Valley University<\/a><br \/>\n<\/span><a style=\"font-size: revert; font-family: -apple-system, BlinkMacSystemFont, 'Segoe UI', Roboto, Oxygen-Sans, Ubuntu, Cantarell, 'Helvetica Neue', sans-serif;\" href=\"https:\/\/www.uvu.edu\/\">https:\/\/www.uvu.edu\/<\/a><\/li>\n<li><span style=\"font-weight: 400;\"><a href=\"https:\/\/kgpa.org.ua\/wp-content\/uploads\/2025\/10\/10.pdf\">Uviversidad de Las Palmas de Gran Canaria<\/a><br \/>\n<\/span><a style=\"font-size: revert; font-family: -apple-system, BlinkMacSystemFont, 'Segoe UI', Roboto, Oxygen-Sans, Ubuntu, Cantarell, 'Helvetica Neue', sans-serif;\" href=\"https:\/\/www10.ulpgc.es\/\">https:\/\/www10.ulpgc.es\/<\/a><\/li>\n<li><span style=\"font-weight: 400;\"><a href=\"https:\/\/kgpa.org.ua\/wp-content\/uploads\/2025\/10\/11.pdf\">Szko\u0142a Wy\u017csza im. Paw\u0142a W\u0142odkowica<\/a><br \/>\n<\/span><a style=\"font-size: revert; font-family: -apple-system, BlinkMacSystemFont, 'Segoe UI', Roboto, Oxygen-Sans, Ubuntu, Cantarell, 'Helvetica Neue', sans-serif;\" href=\"https:\/\/www.wlodkowic.pl\/\">https:\/\/www.wlodkowic.pl\/<\/a><\/li>\n<li><a href=\"https:\/\/kgpa.org.ua\/wp-content\/uploads\/2025\/10\/12.pdf\"><span style=\"font-weight: 400;\">European institute of further education<\/span><\/a><\/li>\n<li><span style=\"font-weight: 400;\"><a href=\"https:\/\/kgpa.org.ua\/wp-content\/uploads\/2025\/10\/13.pdf\">In\u0161tit\u00fat v\u00fdchovy a \u0161portu<\/a><br \/>\n<\/span><a style=\"font-size: revert; font-family: -apple-system, BlinkMacSystemFont, 'Segoe UI', Roboto, Oxygen-Sans, Ubuntu, Cantarell, 'Helvetica Neue', sans-serif;\" href=\"https:\/\/www.unipo.sk\/\">https:\/\/www.unipo.sk\/<\/a><\/li>\n<li><span style=\"font-weight: 400;\"><a href=\"https:\/\/kgpa.org.ua\/wp-content\/uploads\/2025\/10\/14.pdf\">Mi\u0119dzynarodowa Akademia Nauk Stosowanych w \u0141om\u017cy<\/a><br \/>\n<\/span><a style=\"font-size: revert; font-family: -apple-system, BlinkMacSystemFont, 'Segoe UI', Roboto, Oxygen-Sans, Ubuntu, Cantarell, 'Helvetica Neue', sans-serif;\" href=\"https:\/\/mans.edu.pl\/\">https:\/\/mans.edu.pl\/<\/a><\/li>\n<li><span style=\"font-weight: 400;\"><a href=\"https:\/\/kgpa.org.ua\/wp-content\/uploads\/2025\/10\/15.pdf\">Institute of international academic and scientific cooperation<\/a><br \/>\n<\/span><a style=\"font-size: revert; font-family: -apple-system, BlinkMacSystemFont, 'Segoe UI', Roboto, Oxygen-Sans, Ubuntu, Cantarell, 'Helvetica Neue', sans-serif;\" href=\"https:\/\/www.iiasc.org\/\">https:\/\/www.iiasc.org\/<\/a><\/li>\n<li><a href=\"https:\/\/kgpa.org.ua\/wp-content\/uploads\/2025\/10\/16.pdf\"><span style=\"font-weight: 400;\">\u0422\u043e\u0432\u0430\u0440\u0438\u0441\u0442\u0432\u043e \u0437 \u043e\u0431\u043c\u0435\u0436\u0435\u043d\u043e\u044e \u0432\u0456\u0434\u043f\u043e\u0432\u0456\u0434\u0430\u043b\u044c\u043d\u0456\u0441\u0442\u044e \u00ab\u0445\u0435\u0439 \u0441\u0442\u044e\u0434\u0435\u043d\u0442\u00bb<\/span><\/a><\/li>\n<li><a href=\"https:\/\/kgpa.org.ua\/wp-content\/uploads\/2025\/12\/Instytut-Rozwoju-Edukacji-i-Nauki-Wiedza.pdf\">Instytut Rozwoju Edukacji i Nauki Wiedza<\/a><a href=\"https:\/\/wiedzalublin.pl\/\" target=\"_blank\" rel=\"noopener\">https:\/\/wiedzalublin.pl\/<\/a><\/li>\n<li>\n<div><span lang=\"EN-US\">NAWA ( Narodowa Agencja Wymiany academickiej)<\/span><\/div>\n<div><span lang=\"EN-US\"><a href=\"https:\/\/nawa.gov.pl\/\" target=\"_blank\" rel=\"noreferrer noopener\" data-saferedirecturl=\"https:\/\/www.google.com\/url?q=https:\/\/nawa.gov.pl\/&amp;source=gmail&amp;ust=1767950661072000&amp;usg=AOvVaw0KdYmYgTx-Oy0OvUKhg9I_\">https:\/\/nawa.gov.pl\/<\/a><\/span><\/div>\n<\/li>\n<li>\n<div><\/div>\n<div><span lang=\"EN-US\">\u00a0Wyzsza Szkola Humanitas<\/span><\/div>\n<div><span lang=\"EN-US\"><a href=\"https:\/\/humanitas.edu.pl\/\" target=\"_blank\" rel=\"noreferrer noopener\" data-saferedirecturl=\"https:\/\/www.google.com\/url?q=https:\/\/humanitas.edu.pl\/&amp;source=gmail&amp;ust=1767950661072000&amp;usg=AOvVaw18ggodx_c-b-NhZHw7T1uX\">https:\/\/humanitas.edu.pl\/<\/a><\/span><\/div>\n<div><\/div>\n<div><\/div>\n<\/li>\n<li>\n<div><span lang=\"EN-US\">\u00a0<\/span>\u0413\u0434\u0430\u043d\u0441\u044c\u043a\u0430 \u0412\u0438\u0449\u0430 \u0413\u0443\u043c\u0430\u043d\u0456\u0442\u0430\u0440\u043d\u0430 \u0448\u043a\u043e\u043b\u0430<\/div>\n<div><span lang=\"EN-US\"><a href=\"https:\/\/gdansk.vistula.edu.pl\/\" target=\"_blank\" rel=\"noreferrer noopener\" data-saferedirecturl=\"https:\/\/www.google.com\/url?q=https:\/\/gdansk.vistula.edu.pl\/&amp;source=gmail&amp;ust=1767950661072000&amp;usg=AOvVaw1GPbAW97jpuiFENSWz0iEA\">https:\/\/gdansk.vistula.edu.pl\/<\/a><\/span><\/div>\n<\/li>\n<li>\n<div><span lang=\"EN-US\">Adiyaman University<\/span><\/div>\n<div><a href=\"https:\/\/adiyaman.edu.tr\/en\" target=\"_blank\" rel=\"noreferrer noopener\" data-saferedirecturl=\"https:\/\/www.google.com\/url?q=https:\/\/adiyaman.edu.tr\/en&amp;source=gmail&amp;ust=1767950661072000&amp;usg=AOvVaw1Se0O27sUAyZF7sl6Ap92F\">https:\/\/adiyaman.edu.tr\/en<\/a><\/div>\n<\/li>\n<li>\n<div><span lang=\"EN-US\">Panevezio kolegija \/ State Higher Education Institution<\/span><\/div>\n<div><a href=\"https:\/\/panko.lt\/en\/\" target=\"_blank\" rel=\"noreferrer noopener\" data-saferedirecturl=\"https:\/\/www.google.com\/url?q=https:\/\/panko.lt\/en\/&amp;source=gmail&amp;ust=1767950661072000&amp;usg=AOvVaw102XI0JI6bAknCijYSGKMh\">https:\/\/panko.lt\/en\/<\/a><\/div>\n<\/li>\n<li>\n<div><span lang=\"EN-US\">Maria Sklodowska-Curie University<\/span><\/div>\n<div><span lang=\"EN-US\"><a href=\"https:\/\/www.umcs.pl\/en\/\" target=\"_blank\" rel=\"noreferrer noopener\" data-saferedirecturl=\"https:\/\/www.google.com\/url?q=https:\/\/www.umcs.pl\/en\/&amp;source=gmail&amp;ust=1767950661072000&amp;usg=AOvVaw3lHHEvSoeeFzLLRUv-Bz7o\">https:\/\/www.umcs.pl\/en\/<\/a><\/span><\/div>\n<\/li>\n<li><a href=\"https:\/\/kgpa.org.ua\/wp-content\/uploads\/2026\/03\/\u0406\u043d\u0441\u0442\u0438\u0442\u0443\u0442-\u043a\u0443\u043b\u044c\u0442\u0443\u0440\u0438-\u0442\u0430-\u0442\u0435\u0445\u043d\u0456\u0447\u043d\u0438\u0445-\u0434\u043e\u0441\u043b\u0456\u0434\u0436\u0435\u043d\u044c-\u041b\u0456\u0432\u0430\u043d.pdf\">\u0406\u043d\u0441\u0442\u0438\u0442\u0443\u0442 \u043a\u0443\u043b\u044c\u0442\u0443\u0440\u0438 \u0442\u0430 \u0442\u0435\u0445\u043d\u0456\u0447\u043d\u0438\u0445 \u0434\u043e\u0441\u043b\u0456\u0434\u0436\u0435\u043d\u044c, \u041b\u0456\u0432\u0430\u043d<\/a><\/li>\n<\/ol>\n<p><span style=\"font-weight: 400;\">\u00a0<\/span><\/p>\n","protected":false},"excerpt":{"rendered":"<p>Harran University https:\/\/www.harran.edu.tr\/ International Labour Association https:\/\/www.ilabour.eu\/ Melvana Exchange Program Mu\u015f Alparslan University https:\/\/www.alparslan.edu.tr\/en S\u00fcleyman Demirel University https:\/\/international.sdu.edu.tr\/ The Alperin regional college of the Jordan Valley, Israel University of economics and human sciences in Warsaw https:\/\/vizja.pl\/en\/ University of Presov https:\/\/www.unipo.sk\/en Utah Valley University https:\/\/www.uvu.edu\/ Uviversidad de Las Palmas de Gran Canaria https:\/\/www10.ulpgc.es\/ Szko\u0142a Wy\u017csza im. [&hellip;]<\/p>\n","protected":false},"author":53,"featured_media":0,"parent":0,"menu_order":0,"comment_status":"closed","ping_status":"closed","template":"","meta":{"_eb_attr":"","pgc_sgb_lightbox_settings":"","_themeisle_gutenberg_block_has_review":false,"footnotes":""},"class_list":["post-7730","page","type-page","status-publish","hentry"],"_links":{"self":[{"href":"https:\/\/kgpa.org.ua\/index.php?rest_route=\/wp\/v2\/pages\/7730","targetHints":{"allow":["GET"]}}],"collection":[{"href":"https:\/\/kgpa.org.ua\/index.php?rest_route=\/wp\/v2\/pages"}],"about":[{"href":"https:\/\/kgpa.org.ua\/index.php?rest_route=\/wp\/v2\/types\/page"}],"author":[{"embeddable":true,"href":"https:\/\/kgpa.org.ua\/index.php?rest_route=\/wp\/v2\/users\/53"}],"replies":[{"embeddable":true,"href":"https:\/\/kgpa.org.ua\/index.php?rest_route=%2Fwp%2Fv2%2Fcomments&post=7730"}],"version-history":[{"count":7,"href":"https:\/\/kgpa.org.ua\/index.php?rest_route=\/wp\/v2\/pages\/7730\/revisions"}],"predecessor-version":[{"id":12323,"href":"https:\/\/kgpa.org.ua\/index.php?rest_route=\/wp\/v2\/pages\/7730\/revisions\/12323"}],"wp:attachment":[{"href":"https:\/\/kgpa.org.ua\/index.php?rest_route=%2Fwp%2Fv2%2Fmedia&parent=7730"}],"curies":[{"name":"wp","href":"https:\/\/api.w.org\/{rel}","templated":true}]}}